{"id":1463,"date":"2025-11-10T18:38:45","date_gmt":"2025-11-10T15:38:45","guid":{"rendered":"https:\/\/ininclu.com\/?page_id=1463"},"modified":"2025-12-07T22:56:09","modified_gmt":"2025-12-07T19:56:09","slug":"impressum","status":"publish","type":"page","link":"https:\/\/ininclu.com\/de\/impressum\/","title":{"rendered":"Impressum"},"content":{"rendered":"<p class=\"p1\">Integration durch Kunst e.V.<\/p>\n<p class=\"p1\">Faulenstr. 44 &#8211; 46<\/p>\n<p class=\"p1\">28195 Bremen<\/p>\n<p class=\"p1\">Vereinsregister Bremen<\/p>\n<p class=\"p1\">Steuernummer: 60\/146\/11310<\/p>\n<p class=\"p1\">Vorstand:<\/p>\n<p class=\"p1\">Katrin Meyer<\/p>\n<p class=\"p1\">Natalie Baron<\/p>\n<p class=\"p1\">Vitali Kuhn<\/p>\n<p class=\"p1\">Bankverbindung:<\/p>\n<p class=\"p1\">Konto: 200 202 9441<\/p>\n<p class=\"p1\">BLZ: 290 500 00<\/p>\n<p class=\"p1\">IBAN:<\/p>\n<p class=\"p1\">DE28 2505 0000 2002 0294 41<\/p>\n<p class=\"p1\">BIC: NOLADE2HXXX<\/p>\n<p class=\"p1\">Norddeutsche Landesbank<\/p>\n<p class=\"p1\">&#8222;Integration durch Kunst e.V.&#8220; \u00fcbernimmt keine Garantie daf\u00fcr, dass die auf dieser Website bereitgestellten Informationen vollst\u00e4ndig, richtig und in jedem Fall aktuell sind. Dies gilt auch f\u00fcr alle Verkn\u00fcpfungen, auf die diese Website direkt oder indirekt verweist. &#8222;Integration durch Kunst e.V.&#8220; ist f\u00fcr den Inhalt einer Seite, die \u00fcber einen bereitgestellten Link erreicht wird, nicht verantwortlich.<\/p>\n<p class=\"p1\">&#8222;Integration durch Kunst e.V.&#8220; ist bestrebt, in allen Publikationen die Urheberrechte der verwendeten Abbildungen und Texte zu beachten, von sich selbst erstellten Abbildungen und Texte zu nutzen oder auf lizenzfreie Abbildungen und Texte zur\u00fcckzugreifen.<\/p>\n<p class=\"p1\">Das Copyright f\u00fcr ver\u00f6ffentlichte, vom &#8222;ininclu.com&#8220; selbst erstellte Abbildungen und Texte bleibt allein bei &#8222;Integration durch Kunst e.V.&#8220;. Eine Vervielf\u00e4ltigung oder Verwendung solcher Abbildungen und Texte in anderen elektronischen oder gedruckten Publikationen ist ohne ausdr\u00fcckliche Zustimmung nicht gestattet. &#8222;Integration durch Kunst e.V.&#8220; beh\u00e4lt sich das Recht vor, ohne vorherige Ank\u00fcndigung, \u00c4nderungen oder Erg\u00e4nzungen der bereitgestellten Informationen vorzunehmen.<\/p>\n<p class=\"p1\">Der Inhalt von www.ininclu.com (Texte, Bilder, Grafiken, Animationen, etc.) unterliegt dem Urheberrecht und anderen Gesetzen zum Schutze geistigen Eigentums.<\/p>\n<p class=\"p1\">Ohne vorherige schriftliche Zustimmung vom &#8222;Integration durch Kunst e.V.&#8220; d\u00fcrfen weder f\u00fcr private noch f\u00fcr gesch\u00e4ftliche Zwecke Elemente der Seite verwendet, kopiert oder ver\u00e4ndert werden.<\/p>\n<p class=\"p1\">&#8222;Integration durch Kunst e.V.&#8220; \u00fcbernimmt keine Haftung f\u00fcr die Inhalte der verlinkten Webseite, ebenso wird keine Haftung f\u00fcr die, von den Usern, geposteten Kommentare \u00fcbernommen.<\/p>\n<p class=\"p1\">Websiteinhalt:<\/p>\n<p class=\"p1\">Integration durch Kunst e.V.<\/p>\n<p class=\"p1\">Faulenstr. 44 &#8211; 46<\/p>\n<p class=\"p1\">28195 Bremen<\/p>\n<p class=\"p1\">Fotos:<\/p>\n<p class=\"p1\">Julia Erusova<\/p>\n<p class=\"p1\">IDK-Logo:<\/p>\n<p class=\"p1\">Natalie Gross<\/p>\n<p class=\"p1\">Website Realisation:<\/p>\n<p class=\"p1\">Integration durch Kunst e.V. (DE)<\/p>\n<p class=\"p1\">Asociaci\u00f3n de Voluntarios DAR (ES)<\/p>\n<p class=\"p1\">Integration Through Art (DE)<\/p>\n","protected":false},"excerpt":{"rendered":"<p>Integration durch Kunst e.V. Faulenstr. 44 &#8211; 46 28195 Bremen Vereinsregister Bremen Steuernummer: 60\/146\/11310 Vorstand: Katrin Meyer Natalie Baron Vitali Kuhn Bankverbindung: Konto: 200 202 9441 BLZ: 290 500 00 IBAN: DE28 2505 0000 2002 0294 41 BIC: NOLADE2HXXX Norddeutsche Landesbank &#8222;Integration durch Kunst e.V.&#8220; \u00fcbernimmt keine Garantie daf\u00fcr, dass die auf dieser Website bereitgestellten<\/p>\n","protected":false},"author":1,"featured_media":0,"parent":0,"menu_order":0,"comment_status":"closed","ping_status":"closed","template":"","meta":{"footnotes":""},"class_list":["post-1463","page","type-page","status-publish","hentry"],"_links":{"self":[{"href":"https:\/\/ininclu.com\/de\/wp-json\/wp\/v2\/pages\/1463","targetHints":{"allow":["GET"]}}],"collection":[{"href":"https:\/\/ininclu.com\/de\/wp-json\/wp\/v2\/pages"}],"about":[{"href":"https:\/\/ininclu.com\/de\/wp-json\/wp\/v2\/types\/page"}],"author":[{"embeddable":true,"href":"https:\/\/ininclu.com\/de\/wp-json\/wp\/v2\/users\/1"}],"replies":[{"embeddable":true,"href":"https:\/\/ininclu.com\/de\/wp-json\/wp\/v2\/comments?post=1463"}],"version-history":[{"count":2,"href":"https:\/\/ininclu.com\/de\/wp-json\/wp\/v2\/pages\/1463\/revisions"}],"predecessor-version":[{"id":1470,"href":"https:\/\/ininclu.com\/de\/wp-json\/wp\/v2\/pages\/1463\/revisions\/1470"}],"wp:attachment":[{"href":"https:\/\/ininclu.com\/de\/wp-json\/wp\/v2\/media?parent=1463"}],"curies":[{"name":"wp","href":"https:\/\/api.w.org\/{rel}","templated":true}]}}